{"id":66,"date":"2024-10-18T20:41:30","date_gmt":"2024-10-18T20:41:30","guid":{"rendered":"https:\/\/cetis48dgeti.edu.mx\/indice\/?page_id=66"},"modified":"2024-10-18T20:41:31","modified_gmt":"2024-10-18T20:41:31","slug":"especialidades","status":"publish","type":"page","link":"https:\/\/cetis48dgeti.edu.mx\/indice\/index.php\/especialidades\/","title":{"rendered":"Especialidades"},"content":{"rendered":"\n<figure class=\"wp-block-image size-full\"><img fetchpriority=\"high\" decoding=\"async\" width=\"382\" height=\"341\" src=\"https:\/\/cetis48dgeti.edu.mx\/indice\/wp-content\/uploads\/2024\/10\/ARH.png\" alt=\"\" class=\"wp-image-67\" srcset=\"https:\/\/cetis48dgeti.edu.mx\/indice\/wp-content\/uploads\/2024\/10\/ARH.png 382w, https:\/\/cetis48dgeti.edu.mx\/indice\/wp-content\/uploads\/2024\/10\/ARH-300x268.png 300w\" sizes=\"(max-width: 382px) 100vw, 382px\" \/><\/figure>\n\n\n\n<p class=\"has-medium-font-size\" style=\"line-height:1.6\"><strong>La carrera de T\u00e9cnico en Administraci\u00f3n de Recursos Humanos<\/strong> se desarrolla como vertiente de la carrera de Administraci\u00f3n y ofrece las competencias profesionales que permiten al estudiante plantear actividades del \u00e1rea de recursos humanos en funci\u00f3n de las que se realizan en cada \u00e1rea de la organizaci\u00f3n, integrar al personal a la organizaci\u00f3n, asistir en actividades de capacitaci\u00f3n, desarrollo y evaluaci\u00f3n del personal, as\u00ed como determinar las remuneraciones al personal.<\/p>\n\n\n\n<p class=\"has-medium-font-size\" style=\"line-height:1.6\">Asimismo, podr\u00e1 desarrollar competencias gen\u00e9ricas relacionadas principalmente con la participaci\u00f3n en los procesos de comunicaci\u00f3n en distintos contextos, la integraci\u00f3n efectiva a los equipos de trabajo y la intervenci\u00f3n consciente, desde su comunidad en particular, en el pa\u00eds y el mundo en general, todo con apego al cuidado del medio ambiente.<\/p>\n\n\n\n<p class=\"has-medium-font-size\" style=\"line-height:1.6\">La formaci\u00f3n que ofrece la carrera de T\u00e9cnico en Administraci\u00f3n de Recursos Humanos permite al egresado, a trav\u00e9s de la articulaci\u00f3n de saberes de diversos campos, realizar actividades dirigidas a la planeaci\u00f3n de actividades, a la incorporaci\u00f3n de capital humano en la organizaci\u00f3n, a la asistencia en el control y evaluaci\u00f3n del desempe\u00f1o del capital humano, al control de los procesos y servicios de higiene y seguridad y a la determinaci\u00f3n de remuneraciones al capital humano de la organizaci\u00f3n.<\/p>\n\n\n\n<figure class=\"wp-block-image size-full\"><img decoding=\"async\" width=\"384\" height=\"361\" src=\"https:\/\/cetis48dgeti.edu.mx\/indice\/wp-content\/uploads\/2024\/10\/TLQ.png\" alt=\"\" class=\"wp-image-68\" srcset=\"https:\/\/cetis48dgeti.edu.mx\/indice\/wp-content\/uploads\/2024\/10\/TLQ.png 384w, https:\/\/cetis48dgeti.edu.mx\/indice\/wp-content\/uploads\/2024\/10\/TLQ-300x282.png 300w\" sizes=\"(max-width: 384px) 100vw, 384px\" \/><\/figure>\n\n\n\n<p class=\"has-medium-font-size\" style=\"line-height:1.6\">En el contexto (regional \/ nacional) <strong>la formaci\u00f3n de T\u00e9cnicos laboratoristas qu\u00edmicos <\/strong>es relevante porque permitir\u00e1 al alumno: asistir en las operaciones b\u00e1sicas del laboratorio de acuerdo a procesos estandarizados, ejecutar t\u00e9cnicas de an\u00e1lisis qu\u00edmicos cualitativos y microbiol\u00f3gicos, ejecutar m\u00e9todos de an\u00e1lisis cuantitativos qu\u00edmicos y microbiol\u00f3gicos, analizar f\u00e1rmacos, cosm\u00e9ticos, alimentos y bebidas con m\u00e9todos f\u00edsico-qu\u00edmicos y analizar agua, suelos y productos elaborados aplicando m\u00e9todos f\u00edsico-qu\u00edmicos y microbiol\u00f3gicos<\/p>\n\n\n\n<p class=\"has-medium-font-size\" style=\"line-height:1.6\">La formaci\u00f3n que ofrece la carrera de T\u00e9cnico laboratorista qu\u00edmico permite al egresado, a trav\u00e9s de la articulaci\u00f3n de saberes de diversos campos, realizar actividades dirigidas a la Industria manufacturera, de servicios profesionales cient\u00edficos y t\u00e9cnicos y servicios de apoyo a los negocios que manejan residuos<\/p>\n\n\n\n<figure class=\"wp-block-image size-full\"><img decoding=\"async\" width=\"384\" height=\"373\" src=\"https:\/\/cetis48dgeti.edu.mx\/indice\/wp-content\/uploads\/2024\/10\/PRODUCCION.png\" alt=\"\" class=\"wp-image-69\" srcset=\"https:\/\/cetis48dgeti.edu.mx\/indice\/wp-content\/uploads\/2024\/10\/PRODUCCION.png 384w, https:\/\/cetis48dgeti.edu.mx\/indice\/wp-content\/uploads\/2024\/10\/PRODUCCION-300x291.png 300w\" sizes=\"(max-width: 384px) 100vw, 384px\" \/><\/figure>\n\n\n\n<p class=\"has-medium-font-size\" style=\"line-height:1.6\">En el contexto regional y nacional,<strong> la formaci\u00f3n de T\u00e9cnicos en Producci\u00f3n Industrial<\/strong> es relevante porque da respuesta a las expectativas de formaci\u00f3n de los j\u00f3venes en el nivel bachillerato y a los requerimientos de los sectores laborales para cubrir sus espacios de trabajo, as\u00ed como promover el arraigo de los egresados a trav\u00e9s del autoempleo y el impulso de los medios de producci\u00f3n familiar.<\/p>\n\n\n\n<p class=\"has-medium-font-size\" style=\"line-height:1.6\">La carrera de T\u00e9cnico en Producci\u00f3n Industrial desarrolla en el estudiante competencias profesionales que le permiten realizar actividades dirigidas a la verificaci\u00f3n de la seguridad e higiene en el \u00e1mbito laboral, auxiliar en la mejora de procesos productivos, controlar inventarios de producci\u00f3n industrial, inspeccionar la calidad en la producci\u00f3n industrial y elaborar proyectos de producci\u00f3n industrial.<\/p>\n\n\n\n<figure class=\"wp-block-image size-full\"><img loading=\"lazy\" decoding=\"async\" width=\"381\" height=\"383\" src=\"https:\/\/cetis48dgeti.edu.mx\/indice\/wp-content\/uploads\/2024\/10\/PROGRAMACION.png\" alt=\"\" class=\"wp-image-70\" srcset=\"https:\/\/cetis48dgeti.edu.mx\/indice\/wp-content\/uploads\/2024\/10\/PROGRAMACION.png 381w, https:\/\/cetis48dgeti.edu.mx\/indice\/wp-content\/uploads\/2024\/10\/PROGRAMACION-298x300.png 298w, https:\/\/cetis48dgeti.edu.mx\/indice\/wp-content\/uploads\/2024\/10\/PROGRAMACION-150x150.png 150w\" sizes=\"(max-width: 381px) 100vw, 381px\" \/><\/figure>\n\n\n\n<p class=\"has-medium-font-size\" style=\"line-height:1.6\">En el contexto nacional, <strong>la formaci\u00f3n de T\u00e9cnicos en Programaci\u00f3n<\/strong> es relevante porque contribuye a la capacitaci\u00f3n de personas capaces de integrarse a un mercado laboral din\u00e1mico y de alta demanda, que est\u00e1 a la vanguardia en el uso de la tecnolog\u00eda y que impulsa la transformaci\u00f3n digital de los sectores productivos del pa\u00eds.<\/p>\n\n\n\n<p class=\"has-medium-font-size\" style=\"line-height:1.6\">Facilitando al egresado su incorporaci\u00f3n al mundo laboral en diversos \u00e1mbitos, como empresas de desarrollo de software, instituciones bancarias, el sector gubernamental, as\u00ed como en los sectores productivos que requieran la automatizaci\u00f3n de procesos mediante la implementaci\u00f3n de software a la medida. Adem\u00e1s, permite el desarrollo de proyectos productivos independientes, acorde a sus intereses profesionales y las necesidades de su entorno social.<\/p>\n\n\n\n<figure class=\"wp-block-image size-full\"><img loading=\"lazy\" decoding=\"async\" width=\"387\" height=\"387\" src=\"https:\/\/cetis48dgeti.edu.mx\/indice\/wp-content\/uploads\/2024\/10\/VENTAS.png\" alt=\"\" class=\"wp-image-71\" srcset=\"https:\/\/cetis48dgeti.edu.mx\/indice\/wp-content\/uploads\/2024\/10\/VENTAS.png 387w, https:\/\/cetis48dgeti.edu.mx\/indice\/wp-content\/uploads\/2024\/10\/VENTAS-300x300.png 300w, https:\/\/cetis48dgeti.edu.mx\/indice\/wp-content\/uploads\/2024\/10\/VENTAS-150x150.png 150w\" sizes=\"(max-width: 387px) 100vw, 387px\" \/><\/figure>\n\n\n\n<p class=\"has-medium-font-size\" style=\"line-height:1.6\">En el contexto regional y nacional, <strong>la formaci\u00f3n de T\u00e9cnicos en Ventas<\/strong> es relevante porque los requerimientos de las empresas para comercializar sus productos y servicios han cambiado, respondiendo al impacto de las tecnolog\u00edas de la informaci\u00f3n y la comunicaci\u00f3n, la creciente competitividad, la globalizaci\u00f3n y las preferencias de los clientes reales y potenciales.<\/p>\n\n\n\n<p class=\"has-medium-font-size\" style=\"line-height:1.6\">La carrera de T\u00e9cnico en Ventas desarrolla en el estudiante las siguientes competencias profesionales: posicionar un producto o servicio de una empresa en el mercado, auxiliar en el proceso de administraci\u00f3n del \u00e1rea de ventas, colaborar en la elaboraci\u00f3n de estudios de mercado, participar en la comercializaci\u00f3n mediante estrategias de comunicaci\u00f3n, asesorar al cliente y posicionar el producto y\/o servicio en el mercado.<\/p>\n","protected":false},"excerpt":{"rendered":"<p>La carrera de T\u00e9cnico en Administraci\u00f3n de Recursos Humanos se desarrolla como vertiente de la carrera de Administraci\u00f3n<\/p>\n","protected":false},"author":1,"featured_media":0,"parent":0,"menu_order":0,"comment_status":"closed","ping_status":"closed","template":"","meta":{"footnotes":""},"class_list":["post-66","page","type-page","status-publish","hentry"],"_links":{"self":[{"href":"https:\/\/cetis48dgeti.edu.mx\/indice\/index.php\/wp-json\/wp\/v2\/pages\/66","targetHints":{"allow":["GET"]}}],"collection":[{"href":"https:\/\/cetis48dgeti.edu.mx\/indice\/index.php\/wp-json\/wp\/v2\/pages"}],"about":[{"href":"https:\/\/cetis48dgeti.edu.mx\/indice\/index.php\/wp-json\/wp\/v2\/types\/page"}],"author":[{"embeddable":true,"href":"https:\/\/cetis48dgeti.edu.mx\/indice\/index.php\/wp-json\/wp\/v2\/users\/1"}],"replies":[{"embeddable":true,"href":"https:\/\/cetis48dgeti.edu.mx\/indice\/index.php\/wp-json\/wp\/v2\/comments?post=66"}],"version-history":[{"count":1,"href":"https:\/\/cetis48dgeti.edu.mx\/indice\/index.php\/wp-json\/wp\/v2\/pages\/66\/revisions"}],"predecessor-version":[{"id":73,"href":"https:\/\/cetis48dgeti.edu.mx\/indice\/index.php\/wp-json\/wp\/v2\/pages\/66\/revisions\/73"}],"wp:attachment":[{"href":"https:\/\/cetis48dgeti.edu.mx\/indice\/index.php\/wp-json\/wp\/v2\/media?parent=66"}],"curies":[{"name":"wp","href":"https:\/\/api.w.org\/{rel}","templated":true}]}}